{"id":138,"date":"2018-05-23T15:44:06","date_gmt":"2018-05-23T15:44:06","guid":{"rendered":"https:\/\/tomislav.bracanovic.ifzg.hr\/?page_id=138"},"modified":"2025-06-12T09:32:35","modified_gmt":"2025-06-12T09:32:35","slug":"cv","status":"publish","type":"page","link":"https:\/\/tomislav.bracanovic.ifzg.hr\/?page_id=138","title":{"rendered":"CV"},"content":{"rendered":"<h6><strong>Education<\/strong><\/h6>\n<ul>\n<li>PhD. <em>Filozofija biologije i evolucijsko obja\u0161njenje morala\u00a0<\/em>[<em>Philosophy of Biology and the Evolutionary Explanation of Morality<\/em>]. Department of Philosophy, University of Zagreb &#8211; Centre for Croatian Studies (2005)<\/li>\n<li>MA. <em>Evolucijska epistemologija i problem hipoteti\u010dkog realizma\u00a0<\/em>[<em>Evolutionary Epistemology and the Problem of Hypothetical Realism<\/em>]. Department of Philosophy, University of Zagreb &#8211; Centre for Croatian Studies (2001)<\/li>\n<li>BA. <em>Plotinovo shva\u0107anje du\u0161e\u00a0<\/em>[<em>Plotinus\u2019 Conception of the Soul<\/em>]. Department of Philosophy, University of Zagreb &#8211; Centre for Croatian Studies (1998)<\/li>\n<\/ul>\n<h6><strong>Employment History<\/strong><\/h6>\n<ul>\n<li>Institute of Philosophy (Scientific Advisor, 2022-, Senior Scientific Associate, 2019-2022, Research Associate, 2018-2019)<\/li>\n<li>Department of Philosophy, University of Zagreb &#8211; Centre for Croatian Studies (Associate Professor, 2013\u20132018, Assistant Professor, 2008-2013, Senior Assistant, 2007-2008, Assistant, 2001-2007)<\/li>\n<li>University of Zagreb &#8211; Centre for Croatian Studies (Publications Manager, 1999-2001)<\/li>\n<\/ul>\n<h6><strong>Teaching<\/strong><\/h6>\n<ul>\n<li>Since 2019. Faculty of Electrical Engineering and Computing, University of Zagreb. Graduate elective course: <em>Ethics and New Technologies<\/em>.<\/li>\n<li>2018. Department of Philosophy, Philosophical Faculty, Masaryk University in Brno, Czech Republic. Undergraduate and graduate elective course: <em>Selected Topics in Applied Ethics<\/em>.<\/li>\n<li>1998-2018. Department of Philosophy, University of Zagreb &#8211; Centre for Croatian Studies.\u00a0Undergraduate courses: <em>Ethics 1<\/em>, <em>Utilitarianism<\/em>, <em>Ethical Relativism<\/em>, <em>Practical Ethics<\/em>, <em>Evolutionary Ethics<\/em>, <em>Kant\u2019s Ethics<\/em>, <em>Modern Philosophy from Descartes to Kant<\/em>, <em>Basic Problems of Philosophy<\/em>, <em>Theories of Human Nature<\/em>.\u00a0Graduate courses: <em>Ethics 2<\/em>, <em>Issues in Utilitarianism<\/em>, <em>Moral Enhancement<\/em>, <em>Philosophy of Science 1<\/em>, <em>Philosophy of Science 2<\/em>, <em>Philosophy of Biology<\/em>, <em>Philosophical Problems of Biology<\/em>, <em>Research Methodology<\/em>.\u00a0Postgraduate courses: <em>Selected Topics in Applied Ethics<\/em>, <em>Theory of Evolution and Moral Psychology<\/em>, <em>Evolutionary Ethics.<\/em><\/li>\n<\/ul>\n<h6><strong>Research Projects<\/strong><\/h6>\n<ul>\n<li><em><a href=\"https:\/\/aiaj.ifzg.hr\/\">Artificial Intelligence, Autonomy and Justice<\/a>,\u00a0<\/em>Institute of Philosophy, Zagreb, sponsored by the Croatian Science Foundation (leader, 2023-2027)<\/li>\n<li><em>Moral Progress: Individual and Collective<\/em><em>,\u00a0<\/em>Institute of Philosophy, Zagreb, sponsored by the Croatian Science Foundation (member, 2023-2027)<\/li>\n<li><em>Ethics and Social Challenges<\/em><em>,\u00a0<\/em>Institute of Philosophy, Zagreb (member, 2024-2028)<\/li>\n<li><em>Ethics and Everyday Life,\u00a0<\/em>Institute of Philosophy, Zagreb (leader, 2019-2023)<\/li>\n<li><em>History of Croatian Philosophy,\u00a0<\/em>Institute of Philosophy, Zagreb (member, 2019-2023)<\/li>\n<li><span lang=\"EN-US\"><em><a href=\"https:\/\/flara13.wixsite.com\/enhancement\" target=\"_blank\" rel=\"noopener\">Artificial Intelligence and Biotechnology of Moral Enhancement<\/a>,\u00a0<\/em>Department of Philosophy I, Faculty of Philosophy, University of Granada, sponsored by the Government of Spain (member, 2017-2019)<\/span><\/li>\n<li><em>Gender Identity and the Ethics of Sex Reassignment Surgery,\u00a0<\/em>University of Zagreb &#8211; Centre for Croatian Studies, short term research sponsored by the University of Zagreb (2013\u20132014)<\/li>\n<li><em>Evolutionary Naturalism and the Problem of Moral Knowledge,\u00a0<\/em>University of Zagreb &#8211; Centre for Croatian Studies, sponsored by the Ministry of Science, Education and Sports of the Republic of Croatia (leader, 2008-2013)<\/li>\n<li><em>The Problem of the Foundations in Classical Ethical Tradition,\u00a0<\/em>Institute of Philosophy, Zagreb, sponsored by the Ministry of Science, Education and Sports of the Republic of Croatia (member, 2002-2004)<\/li>\n<\/ul>\n<h6><strong>Professional Service<\/strong><\/h6>\n<ul>\n<li>World Commission on the Ethics of Scientific Knowledge and Technology [Commission mondiale d\u2019\u00e9thique des connaissances scientifiques et des technologies (COMEST)] of UNESCO (member 2014-2021)<\/li>\n<li><i><span lang=\"EN-US\">P<\/span><\/i><em><span lang=\"EN-US\">ro-Fil<\/span><\/em><span lang=\"EN-US\"><em>: An Internet Journal of Philosophy<\/em> (editorial board member, 2016)<\/span><\/li>\n<li><em>Prolegomena: Journal of Philosophy\u00a0<\/em>(assistant editor 2002-2005, editor-in-chief 2006-2008 and 2020-2022)<\/li>\n<li>Society for the Advancement of Philosophy, Zagreb (vice-president 2004-2008,\u00a0steering committee member 2013-2016, vice-president 2019-)<\/li>\n<li>Ethics Committee of the NewFelPro fellowship project of the Government of the Republic of Croatia and the Ministry of Science, Education and Sports of the Republic of Croatia (member, 2014-2017)<\/li>\n<li>Department of Philosophy, University of Zagreb &#8211; Centre for Croatian Studies (deputy head 2009-2010, head 2011-2015)<\/li>\n<li>Commissioner for postgraduate studies and Chair of the Council for Postgraduate Studies, University of Zagreb &#8211; Centre for Croatian Studies (2014-2015)<\/li>\n<li>Committee for Quality Assurance, University of Zagreb &#8211; Centre for Croatian Studies (2011-2016, member)<\/li>\n<li>Ethics Committee, University of Zagreb &#8211; Centre for Croatian Studies (member, 2009-2013)<\/li>\n<li>Committee for Student Research and Artistic Work, University of Zagreb &#8211; Centre for Croatian Studies (president, 2012-2013)<\/li>\n<li>Committee for Publishing Activities, University of Zagreb &#8211; Centre for Croatian Studies (president, 2009-2011)<\/li>\n<li>Section for Philosophy of the <em>Matrix Croatica\u00a0<\/em>Society (president 2003-2005, secretary 1997-2000)<\/li>\n<\/ul>\n<h6><strong>Memberships in Professional Associations<\/strong><\/h6>\n<ul>\n<li><a href=\"http:\/\/www.ishpssb.org\" target=\"_blank\" rel=\"noopener\">International Society for the History, Philosophy, and Social Studies of Biology<\/a><\/li>\n<li><a href=\"http:\/\/upf.hr\" target=\"_blank\" rel=\"noopener\">Society for the Advancement of Philosophy<\/a><\/li>\n<li><a href=\"http:\/\/hdaf.ffri.hr\/?lang=hr\" target=\"_blank\" rel=\"noopener\">Croatian Society for Analytic Philosophy<\/a><\/li>\n<li><a href=\"https:\/\/www.spt.org\/\">Society for Philosophy and Technology<\/a><\/li>\n<\/ul>\n<h6><strong>Reviewer for Scientific Journals<\/strong><\/h6>\n<ul>\n<li><em>American Journal of Political Science,\u00a0<\/em><em>Biological Theory,\u00a0<\/em><em>Croatian Journal of Philosophy,\u00a0<\/em><i><span lang=\"EN-US\">Dialogue: Canadian Philosophical Review \/ Revue canadienne de philosophies,\u00a0<\/span><\/i><em>European Journal of Analytic Philosophy,\u00a0<\/em><em>Kinesiology,\u00a0<\/em><em>Kroatologija,\u00a0<\/em><em>Nova prisutnost,\u00a0<\/em><em>Philosophy of the Social Sciences,\u00a0<\/em><em>Prilozi za istra\u017eivanje hrvatske filozofske ba\u0161tine,\u00a0<\/em><em>Prolegomena,\u00a0<\/em><em>Techn\u00e9: Research in Philosophy and Technology<\/em><\/li>\n<\/ul>\n<h6><strong>Scholarships<\/strong><\/h6>\n<ul>\n<li>2002. Junior Fellow. Konrad Lorenz Institute for Evolution and Cognition Research, Altenberg, Austria (three months)<\/li>\n<li>1998. Visiting Student. Eberhard-Karls-Universit\u00e4t T\u00fcbingen (Philosophische Fakult\u00e4t), Germany (three weeks)<\/li>\n<li>1996\u20131997. Scholarship of the Ministry of Science and Technology of the Republic of Croatia<\/li>\n<li>1995\u20131996. Scholarship of the University of Zagreb<\/li>\n<\/ul>\n<h6><strong>Awards<\/strong><\/h6>\n<ul>\n<li>2014. Award for Publication of High International Visibility (University of Zagreb &#8211; Centre for Croatian Studies)<\/li>\n<li>1996. Rector\u2019s Award (University of Zagreb)<\/li>\n<\/ul>\n","protected":false},"excerpt":{"rendered":"<p>Education PhD. Filozofija biologije i evolucijsko obja\u0161njenje morala\u00a0[Philosophy of Biology and the Evolutionary Explanation of Morality]. Department of Philosophy, University of Zagreb &#8211; Centre for Croatian Studies (2005) MA. Evolucijska epistemologija i problem hipoteti\u010dkog realizma\u00a0[Evolutionary Epistemology and the Problem of Hypothetical Realism]. Department of Philosophy, University of Zagreb &#8211; Centre for Croatian Studies (2001) BA. [&hellip;]<\/p>\n","protected":false},"author":1,"featured_media":0,"parent":0,"menu_order":0,"comment_status":"closed","ping_status":"closed","template":"","meta":[],"_links":{"self":[{"href":"https:\/\/tomislav.bracanovic.ifzg.hr\/index.php?rest_route=\/wp\/v2\/pages\/138"}],"collection":[{"href":"https:\/\/tomislav.bracanovic.ifzg.hr\/index.php?rest_route=\/wp\/v2\/pages"}],"about":[{"href":"https:\/\/tomislav.bracanovic.ifzg.hr\/index.php?rest_route=\/wp\/v2\/types\/page"}],"author":[{"embeddable":true,"href":"https:\/\/tomislav.bracanovic.ifzg.hr\/index.php?rest_route=\/wp\/v2\/users\/1"}],"replies":[{"embeddable":true,"href":"https:\/\/tomislav.bracanovic.ifzg.hr\/index.php?rest_route=%2Fwp%2Fv2%2Fcomments&post=138"}],"version-history":[{"count":38,"href":"https:\/\/tomislav.bracanovic.ifzg.hr\/index.php?rest_route=\/wp\/v2\/pages\/138\/revisions"}],"predecessor-version":[{"id":428,"href":"https:\/\/tomislav.bracanovic.ifzg.hr\/index.php?rest_route=\/wp\/v2\/pages\/138\/revisions\/428"}],"wp:attachment":[{"href":"https:\/\/tomislav.bracanovic.ifzg.hr\/index.php?rest_route=%2Fwp%2Fv2%2Fmedia&parent=138"}],"curies":[{"name":"wp","href":"https:\/\/api.w.org\/{rel}","templated":true}]}}