{"id":134,"date":"2018-05-23T15:44:06","date_gmt":"2018-05-23T15:44:06","guid":{"rendered":"https:\/\/tomislav.bracanovic.ifzg.hr\/?page_id=134"},"modified":"2025-12-19T19:01:53","modified_gmt":"2025-12-19T19:01:53","slug":"presentations","status":"publish","type":"page","link":"https:\/\/tomislav.bracanovic.ifzg.hr\/?page_id=134","title":{"rendered":"Presentations"},"content":{"rendered":"<ul>\n<li>\u201cEvolucijska etika Davorina Trstenjaka\u201d, <a href=\"https:\/\/content.ifzg.hr\/poveznice\/2025-Godisnja_konferencija_Instituta_za_filozofiju-Hrvatska_filozofija.pdf\"><em>Godi\u0161nja konferencija Instituta za filozofiju:\u00a0Hrvatska filozofija: Proslava pedeset godina \u010dasopisa\u00a0<\/em>Prilozi za istra\u017eivanje hrvatske filozofske ba\u0161tine<\/a>, Zagreb 2025.<\/li>\n<li>\u201cProgress in scientific and moral theorizing: The analogy between Darwinism and utilitarianism\u201d, <em><a href=\"https:\/\/mopic.ifzg.hr\/index.php\/conference-zaec-2025\/\">Zagreb Applied Ethics Conference 2025<\/a><\/em>, Zagreb 2025.<\/li>\n<li>\u201cReconciling moral progress with evolutionary theory: Consequentialism, human nature and science\u201d,\u00a0<a href=\"https:\/\/ishpssb2025.icbas.up.pt\/wp-content\/uploads\/sites\/1034\/2025\/07\/updated-2107.pdf\"><em>2025 Conference of the International Society for History, Philosophy, and Social Studies of Biology<\/em><\/a>, Porto 2025.<\/li>\n<li>\u201cAlgorithms, parts and wholes: The ethics of machine profiling\u201d, <a href=\"https:\/\/iuc.hr\/programme\/1935\">Social Aspects of the Sciences XI: Holism: A Methodology or an Ideology?<\/a>, IUC, Dubrovnik 2025.<\/li>\n<li>\u201cAlgorithms and individualism\u201d, <a href=\"https:\/\/oegp.org\/zukunftdenken\"><em>Thinking the Future:\u00a011th Congress of the Austrian Society for Philosophy<\/em><\/a>, Graz 2025.<\/li>\n<li>\u201cTherapeutic robots as placebo friends\u201d,\u00a0<a href=\"https:\/\/fzsri.uniri.hr\/artificial-intelligence-and-neurodivergent-groups-ethical-challenges\/\"><em>Artificial Intelligence and Neurodivergent Groups \u2013 Ethical Challenges<\/em><\/a>,\u00a0University of Rijeka: Faculty of Medicine \/ Faculty of Health Studies, Rijeka 2025<\/li>\n<li>\u201cAutonomous weapons systems: Nothing new on the ethical front\u201d,\u00a0<a href=\"https:\/\/ffri.uniri.hr\/wp-content\/uploads\/Program-CSAP-7_2024.pdf\"><em>Contemporary Philosophical Issues<\/em><\/a>, Department of Philosophy, Faculty of Humanities and Social Sciences &#8211; University of Rijeka \/ Croatian Society for Analytic Philosophy, Rijeka 2024.<\/li>\n<li>\u201cOn the ethics of AI\u201d, <a href=\"https:\/\/www.szszimioh.hr\/wp-content\/uploads\/2024\/10\/STRENGTHS-AND-CHALLENGES-OF-AI-IN-CONTEMPORARY-SOCIETY-10-10-2024.pdf\"><em>Strengths and Challenges of AI in Contemporary \u00a0Society<\/em><\/a>, Pugwash Croatia, ideje.hr, World Academy of Art and Science, Zagreb 2024.<\/li>\n<li>\u201cVojni roboti i teorija pravednog rata\u201d, <a href=\"https:\/\/aiaj.ifzg.hr\/wp-content\/uploads\/2024\/12\/UPF-program-102024.pdf\"><em>Naslje\u0111e u filozofiji: kontinuitet i promjene<\/em><\/a>, Udruga za promicanje filozofije, Zagreb 2024.<\/li>\n<li>\u201cUmjetna inteligencija i primijenjena etika\u201d [Artificial intelligence and applied ethics], <a href=\"https:\/\/drive.google.com\/file\/d\/1Cb2s0FbZTe2Bzoq9_wp0R1WF8-G0-Ymx\/view\"><em>Prvi hrvatski simpozij o umjetnoj inteligenciji<\/em><\/a>, HAZU, Zagreb 2023.<\/li>\n<li>\u201cLelasov evolucionizam\u201d, <a href=\"https:\/\/content.ifzg.hr\/poveznice\/Lelas-2023-A4-program-A_B.pdf\"><em>Znanost, tehnologija i \u010dovjek \u2013 povodom dvadesete obljetnice smrti profesora Sr\u0111ana Lelasa<\/em><\/a>, Institute of Philosophy, Zagreb 2023.<\/li>\n<li>\u201cArtificial intelligence and deception\u201d, <a href=\"https:\/\/content.ifzg.hr\/poveznice\/summer_school_2023-program.pdf\"><em>Summer School 2023: Deception: Theoretical and Practical Perspectives<\/em><\/a>, Institute of Philosophy, Zagreb 2023.<\/li>\n<li>\u201cTranshumanizam i pitanje moralnog statusa\u201d [Transhumanism and the question of moral status], <em>Temeljna pitanja filozofije politike. <\/em><em>Professional Meeting of High School Teachers of Philosophy<\/em>, Croatian Education and Teacher Training Agency,\u00a0Zagreb 2022.<\/li>\n<li>\u201cSupekov utilitarizam\u201d [Supek&#8217;s utilitarianism], Hrvatska filozofija: nove teme i interpretacije, Institute of Philosophy, Zagreb 2021.<\/li>\n<li>\u201cUmjetna inteligencija, medicina i autonomija\u201d [Artificial intelligence, medicine and autonomy], Institute of Philosophy, Zagreb 2020.<\/li>\n<li>\u201cAgainst ethics settings of autonomous vehicles\u201d, <em>Zagreb Applied Ethics Conference 2019<\/em>, Society for the Advancement of Philosophy \/ Institute of Philosophy,\u00a0Zagreb 2019.<\/li>\n<li>\u201cEthics and new technologies\u201d, <em>Summer School 2019: Philosophy and Technology<\/em>, Institute of Philosophy, Zagreb 2019.<\/li>\n<li>\u201cEti\u010dki izazovi umjetne inteligencije i robotike\u201d [Ethical challenges of artificial intelligence and robotics], <em>Povijest i filozofija tehnike<\/em>, Croatian National Committee of International Council on Large Electric Systems \u2013 CIGR\u00c9, Zagreb 2019.<\/li>\n<li>\u201cPredictive analytics and theories of privacy\u201d, <em>Bled Philosophical Conferences. Ethical Issues: Theoretical &amp; Applied<\/em>, Department of Philosophy &#8211; University of Maribor \/ Slovenian Society for Analytic Philosophy, Bled 2018.<\/li>\n<li>\u201cImamo li pravo da nas ostave na miru?\u201d [Do we have the right to be let alone?], Institute of Philosophy, Zagreb 2018.<\/li>\n<li>\u201cInternet of Things, Big Data and privacy\u201d, <em>Contemporary Philosophical Issues<\/em>, Department of Philosophy, Faculty of Humanities and Social Sciences &#8211; University of Rijeka \/ Croatian Society for Analytic Philosophy, Rijeka 2018.<\/li>\n<li>\u201cArtificijelni moralni agenti\u201d [Artificial moral agents], <em>Klasi<\/em><em>\u010d<\/em><em>ni i suvremeni filozofski problemi<\/em>, Annual Conference of the Society for the Advancement of Philosophy, Samobor 2017.<\/li>\n<li>\u201cCybernetic organisms, moral status and speciesism\u201d, <em>Robots and Societies: What Transformations? What Regulations?<\/em>, Laval University, Quebec 2017.<\/li>\n<li>\u201cRoboti i etika\u201d [Robots and ethics], <em>Izazovi suvremene nastave<\/em>, <i><span lang=\"EN-US\">Professional Meeting of High School Teachers of Ethics and Philosophy<\/span><\/i><span lang=\"EN-US\">, Croatian Education and Teacher Training Agency, Zagreb 2017.<\/span><\/li>\n<li>\u201cEtika plagiranja\u201d [The ethics of plagiarizing], <i><span lang=\"EN-US\">Professional Meeting of High School Teachers of Ethics and Philosophy<\/span><\/i><span lang=\"EN-US\">, Croatian Education and Teacher Training Agency, <\/span>Primo\u0161ten 2017.<\/li>\n<li>\u201cSex reassignment surgery: Why should we keep the gatekeepers?\u201d, <em>Zagreb Applied Ethics Conference 2015<\/em>, <span lang=\"EN-US\">Society for the Advancement of Philosophy \/ University of Zagreb \u2013 Croatian Studies<\/span>,\u00a0Zagreb 2015.<\/li>\n<li>\u201cSex reassignment surgery and human enhancement\u201d, I<em>I International Workshop in Practical Ethics: Bioethics and Human Enhancement<\/em>, University of Granada \u2013 Department of Philosophy I, Granada 2014.<\/li>\n<li>\u201cBioetika, pluralizam vrijednosti i kriti\u010dko mi\u0161ljenje\u201d, Zagreb County Professional Council of Ethics Teachers, Zagreb 2014.<\/li>\n<li>\u201cKirur\u0161ka promjena spola: lije\u010denje ili pobolj\u0161anje?\u201d [Surgical sex-change: treatment or enhancement?], <i><span lang=\"EN-US\">Professional Meeting of High School Teachers of Ethics and Philosophy<\/span><\/i><span lang=\"EN-US\">, Croatian Education and Teacher Training Agency<\/span>, Zagreb 2014.<\/li>\n<li>\u201cBioethics and the two cultures\u201d, <em>Zagreb Applied Ethics Conference 2013<\/em>, <span lang=\"EN-US\">Society for the Advancement of Philosophy \/ University of Zagreb \u2013 Croatian Studies<\/span>, Zagreb 2013.<\/li>\n<li>\u201cRespect for cultural diversity or bioethics?\u201d, <em>Theoretical Philosophy Forum<\/em>, Institute of Philosophy, Faculty of Humanities, E\u00f6tv\u00f6s Lor\u00e1nd University, Budapest 2012.<\/li>\n<li>\u201cThe moral self and its brain: The case of deontology, Identity in the Context of Practical and Theoretical Philosophy, University of Graz \u2013 Department of Philosophy \/ University of Zagreb \u2013 Croatian Studies \/ Society for the Advancement of Philosophy \/ Center for Advanced Academic Studies Dubrovnik, Dubrovnik 2012.<\/li>\n<li>\u201cDarwinian considerations and applied ethics\u201d, <em>Zagreb Applied Ethics Conference<\/em>, Society for the Advancement of Philosophy \/ University of Zagreb \u2013 Croatian Studies, Zagreb 2011.<\/li>\n<li>\u201cMorality as a biological trait\u201d, <em>Metaphysics, Language and Morality<\/em>, <span lang=\"EN-US\">Society for the Advancement of Philosophy \/ University of Zagreb \u2013 Croatian Studies<\/span>, Zagreb 2010.<\/li>\n<li>\u201cSlabosti izgradnje autoriteta dru\u0161tvenih znanosti u medijima\u201d [<span lang=\"EN-US\">Difficulties of building the authority of the social sciences in the media<\/span>], <em>Mediji i znanost: okrugli stol u povodu 100. obljetnice Hrvatskog novinarskog dru\u0161tva<\/em>, Croatian Journalists&#8217; Association, Zagreb 2010.<\/li>\n<li>\u201cExplaining morality: Darwinian strategies\u201d, <em>Social Aspects of the Sciences XIII<\/em>, Inter-University Centre Dubrovnik, Dubrovnik 2009.<\/li>\n<li>\u201cSexual selection, moral virtues, and methodological vices\u201d, <em>EPSA 2009: Second Conference of the European Philosophy of Science Association<\/em>, Amsterdam 2009.<\/li>\n<li>\u201cDavid Hume i John Arbuthnot\u201d, <em>David Hume u suvremenom i povijesnom kontekstu<\/em>, <span lang=\"EN-US\">Society for the Advancement of Philosophy \/ University of Zagreb \u2013 Croatian Studies<\/span>, Zagreb 2009.<\/li>\n<li>\u201cRespect for cultural diversity in bioethics: Redundant or ineffective?\u201d, <em>The 9th World Congress of Bioethics: The Challenge of Cross-Cultural Bioethics in the 21st Century<\/em>, International Association of Bioethics \/ University of Rijeka \u2013 School of Medicine \/ Croatian Society for Clinical Bioethics, Rijeka 2008.<\/li>\n<li>\u201cAltruism and morality: Is disentangling really necessary?, <em>2007 Conference of the International Society for History, Philosophy, and Social Studies of Biology<\/em>, Exeter 2007.<\/li>\n<li>\u201cFilozofski \u010dasopisi u Hrvatskoj u 20. stolje\u0107u\u201d [Philosophical journals in Croatia in the 20th century], <em>Hrvatska filozofija u dvadesetom stolje\u0107u<\/em>, Matica hrvatska, Zagreb 2006.<\/li>\n<li>\u201cUtilitarizam, nepristranost i darvinizam\u201d [Utilitarianism, impartiality and Darwinism], <em>Sloboda i jednakost u suvremenoj filozofiji<\/em>, <span lang=\"EN-US\">Society for the Advancement of Philosophy \/ University of Zagreb \u2013 Croatian Studies<\/span>, Samobor 2005.<\/li>\n<li>\u201cNormative turn of evolutionary ethics: The invisible evolutionary ethics?\u201d, <em>2003 Conference of the International Society for History, Philosophy, and Social Studies of Biology<\/em>, Vienna 2003.<\/li>\n<li>\u201cWhat to do until the doctor of philosophy arrives: Evolutionary assesment of utilitarian ethics\u201d, Konrad Lorenz Institute for Evolution and Cognition Research, Altenberg 2002.<\/li>\n<li>\u201cEtika znanstvenih zajednica i teorija igara\u201d [The ethics of scientific communities and game theory], <em>Novi pravci u suvremenoj sociologiji<\/em>, Sociology Section at Matrix Croatica Society, Zagreb 2001.<\/li>\n<li>\u201cHypothetical realism and the adaptationist program\u201d, Konrad Lorenz Institute for Evolution and Cognition Research, Altenberg 2000.<\/li>\n<li>\u201cAdaptacionisti\u010dki program i hipoteti\u010dki realizam\u201d [Adaptationist program and hypothetical realism], Philosophy Section at Matrix Croatica Society, Zagreb 2000.<\/li>\n<li>\u201cSprache als Gespr\u00e4ch. Gadamers Ansicht vom Wesen des Platonischen Dialogs\u201d, <em>Hermeneutik und Dekonstruktivismus<\/em>, Internationales Zentrum \u2013 T\u00fcbingen, Prague 1997.<\/li>\n<li>\u201cOntolo\u0161ko-epistemolo\u0161ki aspekti Petri\u0107evog i Plotinovog poimanja du\u0161e\u201d <span lang=\"EN-US\">[Ontological and epistemological aspects of Petri\u0107\u2019s and Plotinus\u2019 conception of the soul]<\/span>, <em>Dani Frane Petri\u0161a<\/em>, Croatian Philosophical Society, Cres 1997.<\/li>\n<li>\u201cMetafizika i estetika Platonovih dijaloga\u201d <span lang=\"EN-US\">[Metaphysics and aesthetics of Plato\u2019s dialogues]<\/span>, <em>Dani Frane Petri\u0161a<\/em>, Croatian Philosophical Society, Cres 1996.<\/li>\n<\/ul>\n","protected":false},"excerpt":{"rendered":"<p>\u201cEvolucijska etika Davorina Trstenjaka\u201d, Godi\u0161nja konferencija Instituta za filozofiju:\u00a0Hrvatska filozofija: Proslava pedeset godina \u010dasopisa\u00a0Prilozi za istra\u017eivanje hrvatske filozofske ba\u0161tine, Zagreb 2025. \u201cProgress in scientific and moral theorizing: The analogy between Darwinism and utilitarianism\u201d, Zagreb Applied Ethics Conference 2025, Zagreb 2025. \u201cReconciling moral progress with evolutionary theory: Consequentialism, human nature and science\u201d,\u00a02025 Conference of the International [&hellip;]<\/p>\n","protected":false},"author":1,"featured_media":0,"parent":0,"menu_order":0,"comment_status":"closed","ping_status":"closed","template":"","meta":[],"_links":{"self":[{"href":"https:\/\/tomislav.bracanovic.ifzg.hr\/index.php?rest_route=\/wp\/v2\/pages\/134"}],"collection":[{"href":"https:\/\/tomislav.bracanovic.ifzg.hr\/index.php?rest_route=\/wp\/v2\/pages"}],"about":[{"href":"https:\/\/tomislav.bracanovic.ifzg.hr\/index.php?rest_route=\/wp\/v2\/types\/page"}],"author":[{"embeddable":true,"href":"https:\/\/tomislav.bracanovic.ifzg.hr\/index.php?rest_route=\/wp\/v2\/users\/1"}],"replies":[{"embeddable":true,"href":"https:\/\/tomislav.bracanovic.ifzg.hr\/index.php?rest_route=%2Fwp%2Fv2%2Fcomments&post=134"}],"version-history":[{"count":40,"href":"https:\/\/tomislav.bracanovic.ifzg.hr\/index.php?rest_route=\/wp\/v2\/pages\/134\/revisions"}],"predecessor-version":[{"id":445,"href":"https:\/\/tomislav.bracanovic.ifzg.hr\/index.php?rest_route=\/wp\/v2\/pages\/134\/revisions\/445"}],"wp:attachment":[{"href":"https:\/\/tomislav.bracanovic.ifzg.hr\/index.php?rest_route=%2Fwp%2Fv2%2Fmedia&parent=134"}],"curies":[{"name":"wp","href":"https:\/\/api.w.org\/{rel}","templated":true}]}}